{"id":1838,"date":"2024-11-27T19:21:47","date_gmt":"2024-11-27T19:21:47","guid":{"rendered":"https:\/\/ednapregoconsultoriarh.com.br\/?page_id=1838"},"modified":"2025-08-11T19:06:36","modified_gmt":"2025-08-11T19:06:36","slug":"avaliacao-psicologica","status":"publish","type":"page","link":"https:\/\/ednapregoconsultoriarh.com.br\/?page_id=1838","title":{"rendered":"Solicita\u00e7\u00e3o de Servi\u00e7o"},"content":{"rendered":"\t\t<div data-elementor-type=\"wp-page\" data-elementor-id=\"1838\" class=\"elementor elementor-1838\">\n\t\t\t\t\t\t<section class=\"elementor-section elementor-top-section elementor-element elementor-element-7afab5d elementor-section-boxed elementor-section-height-default elementor-section-height-default\" data-id=\"7afab5d\" data-element_type=\"section\">\n\t\t\t\t\t\t<div class=\"elementor-container elementor-column-gap-default\">\n\t\t\t\t\t<div class=\"elementor-column elementor-col-100 elementor-top-column elementor-element elementor-element-72007e0\" data-id=\"72007e0\" data-element_type=\"column\">\n\t\t\t<div class=\"elementor-widget-wrap elementor-element-populated\">\n\t\t\t\t\t\t<div class=\"elementor-element elementor-element-a1a2ff2 elementor-widget elementor-widget-spacer\" data-id=\"a1a2ff2\" data-element_type=\"widget\" data-widget_type=\"spacer.default\">\n\t\t\t\t<div class=\"elementor-widget-container\">\n\t\t\t\t\t<div class=\"elementor-spacer\">\n\t\t\t<div class=\"elementor-spacer-inner\"><\/div>\n\t\t<\/div>\n\t\t\t\t<\/div>\n\t\t\t\t<\/div>\n\t\t\t\t\t<\/div>\n\t\t<\/div>\n\t\t\t\t\t<\/div>\n\t\t<\/section>\n\t\t\t\t<section class=\"elementor-section elementor-top-section elementor-element elementor-element-588df06 elementor-section-boxed elementor-section-height-default elementor-section-height-default\" data-id=\"588df06\" data-element_type=\"section\" data-settings=\"{&quot;background_background&quot;:&quot;classic&quot;}\">\n\t\t\t\t\t\t<div class=\"elementor-container elementor-column-gap-default\">\n\t\t\t\t\t<div class=\"elementor-column elementor-col-100 elementor-top-column elementor-element elementor-element-191d8dd\" data-id=\"191d8dd\" data-element_type=\"column\">\n\t\t\t<div class=\"elementor-widget-wrap elementor-element-populated\">\n\t\t\t\t\t\t\t<\/div>\n\t\t<\/div>\n\t\t\t\t\t<\/div>\n\t\t<\/section>\n\t\t\t\t<section class=\"elementor-section elementor-top-section elementor-element elementor-element-a88730a elementor-section-boxed elementor-section-height-default elementor-section-height-default\" data-id=\"a88730a\" data-element_type=\"section\">\n\t\t\t\t\t\t<div class=\"elementor-container elementor-column-gap-default\">\n\t\t\t\t\t<div class=\"elementor-column elementor-col-100 elementor-top-column elementor-element elementor-element-f23e997\" data-id=\"f23e997\" data-element_type=\"column\">\n\t\t\t<div class=\"elementor-widget-wrap elementor-element-populated\">\n\t\t\t\t\t\t<div class=\"elementor-element elementor-element-cd0ccda elementor-widget elementor-widget-spacer\" data-id=\"cd0ccda\" data-element_type=\"widget\" data-widget_type=\"spacer.default\">\n\t\t\t\t<div class=\"elementor-widget-container\">\n\t\t\t\t\t<div class=\"elementor-spacer\">\n\t\t\t<div class=\"elementor-spacer-inner\"><\/div>\n\t\t<\/div>\n\t\t\t\t<\/div>\n\t\t\t\t<\/div>\n\t\t\t\t\t<\/div>\n\t\t<\/div>\n\t\t\t\t\t<\/div>\n\t\t<\/section>\n\t\t\t\t<section class=\"elementor-section elementor-top-section elementor-element elementor-element-f5ac4b1 elementor-section-boxed elementor-section-height-default elementor-section-height-default\" data-id=\"f5ac4b1\" data-element_type=\"section\">\n\t\t\t\t\t\t<div class=\"elementor-container elementor-column-gap-default\">\n\t\t\t\t\t<div class=\"elementor-column elementor-col-100 elementor-top-column elementor-element elementor-element-0106cc8\" data-id=\"0106cc8\" data-element_type=\"column\">\n\t\t\t<div class=\"elementor-widget-wrap elementor-element-populated\">\n\t\t\t\t\t\t<div class=\"elementor-element elementor-element-4c06a92 elementor-button-align-stretch elementor-widget elementor-widget-form\" data-id=\"4c06a92\" data-element_type=\"widget\" data-settings=\"{&quot;step_next_label&quot;:&quot;Next&quot;,&quot;step_previous_label&quot;:&quot;Previous&quot;,&quot;button_width&quot;:&quot;100&quot;,&quot;step_type&quot;:&quot;number_text&quot;,&quot;step_icon_shape&quot;:&quot;circle&quot;}\" data-widget_type=\"form.default\">\n\t\t\t\t<div class=\"elementor-widget-container\">\n\t\t\t\t\t<form class=\"elementor-form\" method=\"post\" name=\"Avalia\u00e7\u00e3o Psicol\u00f3gica \">\n\t\t\t<input type=\"hidden\" name=\"post_id\" value=\"1838\"\/>\n\t\t\t<input type=\"hidden\" name=\"form_id\" value=\"4c06a92\"\/>\n\t\t\t<input type=\"hidden\" name=\"referer_title\" value=\"\" \/>\n\n\t\t\t\n\t\t\t<div class=\"elementor-form-fields-wrapper elementor-labels-above\">\n\t\t\t\t\t\t\t\t<div class=\"elementor-field-type-radio elementor-field-group elementor-column elementor-field-group-field_3682502 elementor-col-100\">\n\t\t\t\t\t\t\t\t\t\t\t\t<label for=\"form-field-field_3682502\" class=\"elementor-field-label\">\n\t\t\t\t\t\t\t\tModalidade do Atendimento: \t\t\t\t\t\t\t<\/label>\n\t\t\t\t\t\t<div class=\"elementor-field-subgroup  \"><span class=\"elementor-field-option\"><input type=\"radio\" value=\"Presencial\" id=\"form-field-field_3682502-0\" name=\"form_fields[field_3682502]\"> <label for=\"form-field-field_3682502-0\">Presencial<\/label><\/span><span class=\"elementor-field-option\"><input type=\"radio\" value=\"On-Line\" id=\"form-field-field_3682502-1\" name=\"form_fields[field_3682502]\"> <label for=\"form-field-field_3682502-1\">On-Line<\/label><\/span><\/div>\t\t\t\t<\/div>\n\t\t\t\t\t\t\t\t<div class=\"elementor-field-type-radio elementor-field-group elementor-column elementor-field-group-field_85b9c32 elementor-col-100\">\n\t\t\t\t\t\t\t\t\t\t\t\t<label for=\"form-field-field_85b9c32\" class=\"elementor-field-label\">\n\t\t\t\t\t\t\t\tTipo de Servi\u00e7o: \t\t\t\t\t\t\t<\/label>\n\t\t\t\t\t\t<div class=\"elementor-field-subgroup  \"><span class=\"elementor-field-option\"><input type=\"radio\" value=\"Psicoterapia\" id=\"form-field-field_85b9c32-0\" name=\"form_fields[field_85b9c32]\"> <label for=\"form-field-field_85b9c32-0\">Psicoterapia<\/label><\/span><span class=\"elementor-field-option\"><input type=\"radio\" value=\"Avalia\u00e7\u00e3o neuropsicol\u00f3gica\" id=\"form-field-field_85b9c32-1\" name=\"form_fields[field_85b9c32]\"> <label for=\"form-field-field_85b9c32-1\">Avalia\u00e7\u00e3o neuropsicol\u00f3gica<\/label><\/span><span class=\"elementor-field-option\"><input type=\"radio\" value=\"Avalia\u00e7\u00e3o para Cirurgia e Concursos, \" id=\"form-field-field_85b9c32-2\" name=\"form_fields[field_85b9c32]\"> <label for=\"form-field-field_85b9c32-2\">Avalia\u00e7\u00e3o para Cirurgia e Concursos, <\/label><\/span><span class=\"elementor-field-option\"><input type=\"radio\" value=\"Orienta\u00e7\u00e3o Vocacional\" id=\"form-field-field_85b9c32-3\" name=\"form_fields[field_85b9c32]\"> <label for=\"form-field-field_85b9c32-3\">Orienta\u00e7\u00e3o Vocacional<\/label><\/span><span class=\"elementor-field-option\"><input type=\"radio\" value=\"Consulta de RH\" id=\"form-field-field_85b9c32-4\" name=\"form_fields[field_85b9c32]\"> <label for=\"form-field-field_85b9c32-4\">Consulta de RH<\/label><\/span><\/div>\t\t\t\t<\/div>\n\t\t\t\t\t\t\t\t<div class=\"elementor-field-type-text elementor-field-group elementor-column elementor-field-group-name elementor-col-100\">\n\t\t\t\t\t\t\t\t\t\t\t\t<label for=\"form-field-name\" class=\"elementor-field-label\">\n\t\t\t\t\t\t\t\tNome:\t\t\t\t\t\t\t<\/label>\n\t\t\t\t\t\t\t\t\t\t\t\t\t\t<input size=\"1\" type=\"text\" name=\"form_fields[name]\" id=\"form-field-name\" class=\"elementor-field elementor-size-sm  elementor-field-textual\" placeholder=\"Nome completo\">\n\t\t\t\t\t\t\t\t\t\t\t<\/div>\n\t\t\t\t\t\t\t\t<div class=\"elementor-field-type-date elementor-field-group elementor-column elementor-field-group-field_774d7e7 elementor-col-100\">\n\t\t\t\t\t\t\t\t\t\t\t\t<label for=\"form-field-field_774d7e7\" class=\"elementor-field-label\">\n\t\t\t\t\t\t\t\tData de Nascimento:\t\t\t\t\t\t\t<\/label>\n\t\t\t\t\t\t\n\t\t<input type=\"date\" name=\"form_fields[field_774d7e7]\" id=\"form-field-field_774d7e7\" class=\"elementor-field elementor-size-sm  elementor-field-textual elementor-date-field\" placeholder=\"Data de Nascimento:\" pattern=\"[0-9]{4}-[0-9]{2}-[0-9]{2}\">\n\t\t\t\t\t\t<\/div>\n\t\t\t\t\t\t\t\t<div class=\"elementor-field-type-number elementor-field-group elementor-column elementor-field-group-email elementor-col-100 elementor-field-required\">\n\t\t\t\t\t\t\t\t\t\t\t\t<label for=\"form-field-email\" class=\"elementor-field-label\">\n\t\t\t\t\t\t\t\tCPF:\t\t\t\t\t\t\t<\/label>\n\t\t\t\t\t\t\t\t\t<input type=\"number\" name=\"form_fields[email]\" id=\"form-field-email\" class=\"elementor-field elementor-size-sm  elementor-field-textual\" placeholder=\"Digite seu CPF\" required=\"required\" aria-required=\"true\" min=\"\" max=\"\" >\n\t\t\t\t\t\t<\/div>\n\t\t\t\t\t\t\t\t<div class=\"elementor-field-type-text elementor-field-group elementor-column elementor-field-group-field_aae7bde elementor-col-100\">\n\t\t\t\t\t\t\t\t\t\t\t\t<label for=\"form-field-field_aae7bde\" class=\"elementor-field-label\">\n\t\t\t\t\t\t\t\tEndere\u00e7o Residencial:\t\t\t\t\t\t\t<\/label>\n\t\t\t\t\t\t\t\t\t\t\t\t\t\t<input size=\"1\" type=\"text\" name=\"form_fields[field_aae7bde]\" id=\"form-field-field_aae7bde\" class=\"elementor-field elementor-size-sm  elementor-field-textual\" placeholder=\"Digite seu Endere\u00e7o\">\n\t\t\t\t\t\t\t\t\t\t\t<\/div>\n\t\t\t\t\t\t\t\t<div class=\"elementor-field-type-tel elementor-field-group elementor-column elementor-field-group-field_a4b1550 elementor-col-100\">\n\t\t\t\t\t\t\t\t\t\t\t\t<label for=\"form-field-field_a4b1550\" class=\"elementor-field-label\">\n\t\t\t\t\t\t\t\tTelefone:\t\t\t\t\t\t\t<\/label>\n\t\t\t\t\t\t\t\t<input size=\"1\" type=\"tel\" name=\"form_fields[field_a4b1550]\" id=\"form-field-field_a4b1550\" class=\"elementor-field elementor-size-sm  elementor-field-textual\" placeholder=\"Digite seu Telefone\" pattern=\"[0-9()#&amp;+*-=.]+\" title=\"Only numbers and phone characters (#, -, *, etc) are accepted.\">\n\n\t\t\t\t\t\t<\/div>\n\t\t\t\t\t\t\t\t<div class=\"elementor-field-type-text elementor-field-group elementor-column elementor-field-group-field_929a440 elementor-col-100\">\n\t\t\t\t\t\t\t\t\t\t\t\t<label for=\"form-field-field_929a440\" class=\"elementor-field-label\">\n\t\t\t\t\t\t\t\tProfiss\u00e3o:\t\t\t\t\t\t\t<\/label>\n\t\t\t\t\t\t\t\t\t\t\t\t\t\t<input size=\"1\" type=\"text\" name=\"form_fields[field_929a440]\" id=\"form-field-field_929a440\" class=\"elementor-field elementor-size-sm  elementor-field-textual\" placeholder=\"Digite sua Profiss\u00e3o\">\n\t\t\t\t\t\t\t\t\t\t\t<\/div>\n\t\t\t\t\t\t\t\t<div class=\"elementor-field-type-radio elementor-field-group elementor-column elementor-field-group-field_04d6f67 elementor-col-100\">\n\t\t\t\t\t\t\t\t\t\t\t\t<label for=\"form-field-field_04d6f67\" class=\"elementor-field-label\">\n\t\t\t\t\t\t\t\tSe Casado (a):\t\t\t\t\t\t\t<\/label>\n\t\t\t\t\t\t<div class=\"elementor-field-subgroup  \"><span class=\"elementor-field-option\"><input type=\"radio\" value=\"Sim \" id=\"form-field-field_04d6f67-0\" name=\"form_fields[field_04d6f67]\"> <label for=\"form-field-field_04d6f67-0\">Sim <\/label><\/span><span class=\"elementor-field-option\"><input type=\"radio\" value=\"N\u00e3o\" id=\"form-field-field_04d6f67-1\" name=\"form_fields[field_04d6f67]\"> <label for=\"form-field-field_04d6f67-1\">N\u00e3o<\/label><\/span><\/div>\t\t\t\t<\/div>\n\t\t\t\t\t\t\t\t<div class=\"elementor-field-type-text elementor-field-group elementor-column elementor-field-group-field_f8cd11b elementor-col-100\">\n\t\t\t\t\t\t\t\t\t\t\t\t<label for=\"form-field-field_f8cd11b\" class=\"elementor-field-label\">\n\t\t\t\t\t\t\t\tNome do C\u00f4njuge:\t\t\t\t\t\t\t<\/label>\n\t\t\t\t\t\t\t\t\t\t\t\t\t\t<input size=\"1\" type=\"text\" name=\"form_fields[field_f8cd11b]\" id=\"form-field-field_f8cd11b\" class=\"elementor-field elementor-size-sm  elementor-field-textual\" placeholder=\"Digite o Nome \">\n\t\t\t\t\t\t\t\t\t\t\t<\/div>\n\t\t\t\t\t\t\t\t<div class=\"elementor-field-type-text elementor-field-group elementor-column elementor-field-group-field_cdc9f49 elementor-col-100\">\n\t\t\t\t\t\t\t\t\t\t\t\t<label for=\"form-field-field_cdc9f49\" class=\"elementor-field-label\">\n\t\t\t\t\t\t\t\tProfiss\u00e3o do C\u00f4njuge:\t\t\t\t\t\t\t<\/label>\n\t\t\t\t\t\t\t\t\t\t\t\t\t\t<input size=\"1\" type=\"text\" name=\"form_fields[field_cdc9f49]\" id=\"form-field-field_cdc9f49\" class=\"elementor-field elementor-size-sm  elementor-field-textual\" placeholder=\"Digite a Profiss\u00e3o\">\n\t\t\t\t\t\t\t\t\t\t\t<\/div>\n\t\t\t\t\t\t\t\t<div class=\"elementor-field-type-text elementor-field-group elementor-column elementor-field-group-field_0ec8d98 elementor-col-100\">\n\t\t\t\t\t\t\t\t\t\t\t\t<label for=\"form-field-field_0ec8d98\" class=\"elementor-field-label\">\n\t\t\t\t\t\t\t\tNome do Pai:\t\t\t\t\t\t\t<\/label>\n\t\t\t\t\t\t\t\t\t\t\t\t\t\t<input size=\"1\" type=\"text\" name=\"form_fields[field_0ec8d98]\" id=\"form-field-field_0ec8d98\" class=\"elementor-field elementor-size-sm  elementor-field-textual\" placeholder=\"Digite o Nome\">\n\t\t\t\t\t\t\t\t\t\t\t<\/div>\n\t\t\t\t\t\t\t\t<div class=\"elementor-field-type-text elementor-field-group elementor-column elementor-field-group-field_74124ab elementor-col-100\">\n\t\t\t\t\t\t\t\t\t\t\t\t<label for=\"form-field-field_74124ab\" class=\"elementor-field-label\">\n\t\t\t\t\t\t\t\tProfiss\u00e3o do Pai:\t\t\t\t\t\t\t<\/label>\n\t\t\t\t\t\t\t\t\t\t\t\t\t\t<input size=\"1\" type=\"text\" name=\"form_fields[field_74124ab]\" id=\"form-field-field_74124ab\" class=\"elementor-field elementor-size-sm  elementor-field-textual\" placeholder=\"Digite a Profiss\u00e3o\">\n\t\t\t\t\t\t\t\t\t\t\t<\/div>\n\t\t\t\t\t\t\t\t<div class=\"elementor-field-type-text elementor-field-group elementor-column elementor-field-group-field_6bc1818 elementor-col-100\">\n\t\t\t\t\t\t\t\t\t\t\t\t<label for=\"form-field-field_6bc1818\" class=\"elementor-field-label\">\n\t\t\t\t\t\t\t\tNome da M\u00e3e:\t\t\t\t\t\t\t<\/label>\n\t\t\t\t\t\t\t\t\t\t\t\t\t\t<input size=\"1\" type=\"text\" name=\"form_fields[field_6bc1818]\" id=\"form-field-field_6bc1818\" class=\"elementor-field elementor-size-sm  elementor-field-textual\" placeholder=\"Digite o Nome\">\n\t\t\t\t\t\t\t\t\t\t\t<\/div>\n\t\t\t\t\t\t\t\t<div class=\"elementor-field-type-text elementor-field-group elementor-column elementor-field-group-field_858d909 elementor-col-100\">\n\t\t\t\t\t\t\t\t\t\t\t\t<label for=\"form-field-field_858d909\" class=\"elementor-field-label\">\n\t\t\t\t\t\t\t\tProfiss\u00e3o da M\u00e3e:\t\t\t\t\t\t\t<\/label>\n\t\t\t\t\t\t\t\t\t\t\t\t\t\t<input size=\"1\" type=\"text\" name=\"form_fields[field_858d909]\" id=\"form-field-field_858d909\" class=\"elementor-field elementor-size-sm  elementor-field-textual\" placeholder=\"Digite a Profiss\u00e3o\">\n\t\t\t\t\t\t\t\t\t\t\t<\/div>\n\t\t\t\t\t\t\t\t<div class=\"elementor-field-type-text elementor-field-group elementor-column elementor-field-group-field_ed7a167 elementor-col-100\">\n\t\t\t\t\t\t\t\t\t\t\t\t<label for=\"form-field-field_ed7a167\" class=\"elementor-field-label\">\n\t\t\t\t\t\t\t\tTelefone de um Contato Familiar e Identifica\u00e7\u00e3o:\t\t\t\t\t\t\t<\/label>\n\t\t\t\t\t\t\t\t\t\t\t\t\t\t<input size=\"1\" type=\"text\" name=\"form_fields[field_ed7a167]\" id=\"form-field-field_ed7a167\" class=\"elementor-field elementor-size-sm  elementor-field-textual\" placeholder=\"Digite seu Telefone e Identifica\u00e7\u00e3o\">\n\t\t\t\t\t\t\t\t\t\t\t<\/div>\n\t\t\t\t\t\t\t\t<div class=\"elementor-field-type-text elementor-field-group elementor-column elementor-field-group-field_654fcb2 elementor-col-100\">\n\t\t\t\t\t\t\t\t\t\t\t\t<label for=\"form-field-field_654fcb2\" class=\"elementor-field-label\">\n\t\t\t\t\t\t\t\tIndica\u00e7\u00e3o:\t\t\t\t\t\t\t<\/label>\n\t\t\t\t\t\t\t\t\t\t\t\t\t\t<input size=\"1\" type=\"text\" name=\"form_fields[field_654fcb2]\" id=\"form-field-field_654fcb2\" class=\"elementor-field elementor-size-sm  elementor-field-textual\" placeholder=\"Digite o Nome \">\n\t\t\t\t\t\t\t\t\t\t\t<\/div>\n\t\t\t\t\t\t\t\t<div class=\"elementor-field-group elementor-column elementor-field-type-submit elementor-col-100 e-form__buttons\">\n\t\t\t\t\t<button type=\"submit\" class=\"elementor-button elementor-size-md\">\n\t\t\t\t\t\t<span >\n\t\t\t\t\t\t\t\t\t\t\t\t\t\t\t<span class=\"elementor-align-icon-left elementor-button-icon\">\n\t\t\t\t\t\t\t\t\t<i aria-hidden=\"true\" class=\"fas fa-file-import\"><\/i>\t\t\t\t\t\t\t\t\t\t\t\t\t\t\t\t\t<\/span>\n\t\t\t\t\t\t\t\t\t\t\t\t\t\t\t\t\t\t\t\t\t\t<span class=\"elementor-button-text\">Enviar<\/span>\n\t\t\t\t\t\t\t\t\t\t\t\t\t<\/span>\n\t\t\t\t\t<\/button>\n\t\t\t\t<\/div>\n\t\t\t<\/div>\n\t\t<\/form>\n\t\t\t\t<\/div>\n\t\t\t\t<\/div>\n\t\t\t\t\t<\/div>\n\t\t<\/div>\n\t\t\t\t\t<\/div>\n\t\t<\/section>\n\t\t\t\t<section class=\"elementor-section elementor-top-section elementor-element elementor-element-3682e57 elementor-section-boxed elementor-section-height-default elementor-section-height-default\" data-id=\"3682e57\" data-element_type=\"section\">\n\t\t\t\t\t\t<div class=\"elementor-container elementor-column-gap-default\">\n\t\t\t\t\t<div class=\"elementor-column elementor-col-100 elementor-top-column elementor-element elementor-element-ce2b072\" data-id=\"ce2b072\" data-element_type=\"column\">\n\t\t\t<div class=\"elementor-widget-wrap elementor-element-populated\">\n\t\t\t\t\t\t<div class=\"elementor-element elementor-element-16d8062 elementor-widget elementor-widget-spacer\" data-id=\"16d8062\" data-element_type=\"widget\" data-widget_type=\"spacer.default\">\n\t\t\t\t<div class=\"elementor-widget-container\">\n\t\t\t\t\t<div class=\"elementor-spacer\">\n\t\t\t<div class=\"elementor-spacer-inner\"><\/div>\n\t\t<\/div>\n\t\t\t\t<\/div>\n\t\t\t\t<\/div>\n\t\t\t\t\t<\/div>\n\t\t<\/div>\n\t\t\t\t\t<\/div>\n\t\t<\/section>\n\t\t\t\t<\/div>\n\t\t","protected":false},"excerpt":{"rendered":"","protected":false},"author":1,"featured_media":0,"parent":0,"menu_order":0,"comment_status":"closed","ping_status":"closed","template":"","meta":{"_joinchat":[],"footnotes":""},"class_list":["post-1838","page","type-page","status-publish","hentry"],"_links":{"self":[{"href":"https:\/\/ednapregoconsultoriarh.com.br\/index.php?rest_route=\/wp\/v2\/pages\/1838","targetHints":{"allow":["GET"]}}],"collection":[{"href":"https:\/\/ednapregoconsultoriarh.com.br\/index.php?rest_route=\/wp\/v2\/pages"}],"about":[{"href":"https:\/\/ednapregoconsultoriarh.com.br\/index.php?rest_route=\/wp\/v2\/types\/page"}],"author":[{"embeddable":true,"href":"https:\/\/ednapregoconsultoriarh.com.br\/index.php?rest_route=\/wp\/v2\/users\/1"}],"replies":[{"embeddable":true,"href":"https:\/\/ednapregoconsultoriarh.com.br\/index.php?rest_route=%2Fwp%2Fv2%2Fcomments&post=1838"}],"version-history":[{"count":102,"href":"https:\/\/ednapregoconsultoriarh.com.br\/index.php?rest_route=\/wp\/v2\/pages\/1838\/revisions"}],"predecessor-version":[{"id":2075,"href":"https:\/\/ednapregoconsultoriarh.com.br\/index.php?rest_route=\/wp\/v2\/pages\/1838\/revisions\/2075"}],"wp:attachment":[{"href":"https:\/\/ednapregoconsultoriarh.com.br\/index.php?rest_route=%2Fwp%2Fv2%2Fmedia&parent=1838"}],"curies":[{"name":"wp","href":"https:\/\/api.w.org\/{rel}","templated":true}]}}